{"id":3447,"date":"2021-04-26T17:21:21","date_gmt":"2021-04-26T15:21:21","guid":{"rendered":"http:\/\/cpme41.org\/?page_id=3447"},"modified":"2021-04-27T11:07:36","modified_gmt":"2021-04-27T09:07:36","slug":"nos-evenements","status":"publish","type":"page","link":"https:\/\/cpme41.org\/index.php\/nos-evenements\/","title":{"rendered":"NOS EVENEMENTS"},"content":{"rendered":"\t\t<div data-elementor-type=\"wp-page\" data-elementor-id=\"3447\" class=\"elementor elementor-3447\">\n\t\t\t\t\t\t<div class=\"elementor-inner\">\n\t\t\t\t<div class=\"elementor-section-wrap\">\n\t\t\t\t\t\t\t\t\t<section class=\"elementor-section elementor-top-section elementor-element elementor-element-579a1e4 elementor-section-boxed elementor-section-height-default elementor-section-height-default\" data-id=\"579a1e4\" data-element_type=\"section\">\n\t\t\t\t\t\t<div class=\"elementor-container elementor-column-gap-default\">\n\t\t\t\t\t\t\t<div class=\"elementor-row\">\n\t\t\t\t\t<div class=\"elementor-column elementor-col-100 elementor-top-column elementor-element elementor-element-14652b7\" data-id=\"14652b7\" data-element_type=\"column\">\n\t\t\t<div class=\"elementor-column-wrap elementor-element-populated\">\n\t\t\t\t\t\t\t<div class=\"elementor-widget-wrap\">\n\t\t\t\t\t\t<div class=\"elementor-element elementor-element-06b020f elementor-widget elementor-widget-heading\" data-id=\"06b020f\" data-element_type=\"widget\" data-widget_type=\"heading.default\">\n\t\t\t\t<div class=\"elementor-widget-container\">\n\t\t\t<h2 class=\"elementor-heading-title elementor-size-default\">Nos \u00e9venements \u00e0 venir <\/h2>\t\t<\/div>\n\t\t\t\t<\/div>\n\t\t\t\t\t\t<\/div>\n\t\t\t\t\t<\/div>\n\t\t<\/div>\n\t\t\t\t\t\t\t\t<\/div>\n\t\t\t\t\t<\/div>\n\t\t<\/section>\n\t\t\t\t<section class=\"elementor-section elementor-top-section elementor-element elementor-element-deefdb7 elementor-section-boxed elementor-section-height-default elementor-section-height-default\" data-id=\"deefdb7\" data-element_type=\"section\">\n\t\t\t\t\t\t<div class=\"elementor-container elementor-column-gap-default\">\n\t\t\t\t\t\t\t<div class=\"elementor-row\">\n\t\t\t\t\t<div class=\"elementor-column elementor-col-100 elementor-top-column elementor-element elementor-element-782afa4\" data-id=\"782afa4\" data-element_type=\"column\">\n\t\t\t<div class=\"elementor-column-wrap elementor-element-populated\">\n\t\t\t\t\t\t\t<div class=\"elementor-widget-wrap\">\n\t\t\t\t\t\t<div class=\"elementor-element elementor-element-b938815 elementor-widget elementor-widget-timeline-widget-addon\" data-id=\"b938815\" data-element_type=\"widget\" data-widget_type=\"timeline-widget-addon.default\">\n\t\t\t\t<div class=\"elementor-widget-container\">\n\t\t\t<!-- ========= Timeline Widget  Addon For Elementor 1.4 ========= -->\r\n<div id=\"twae-wrapper-b938815\" class=\"twae-wrapper twae-horizontal-timeline\">\r\n<div class=\"twae-wrapper-inside\">\r\n <div id=\"twae-slider-container-b938815\" data-dir=\"\" data-slidestoshow=\"5\" data-autoplay=\"true\" class=\"twae-slider-container swiper-container\">\r\n <div  class=\"twae-slider-wrapper swiper-wrapper auto-height\"><div  id=\"twae-article-64eb898\" class=\"twae-repeater-item twae-story swiper-slide twae-story-icon twae-position-40-50\"><div class=\"twae-story-line\"><\/div><div class=\"twae-labels\">\r\n                       <div class=\"twae-label-big\">3 Mai 2021<\/div>\r\n                     <\/div><div class=\"twae-arrow\"><\/div><div class=\"twae-icon\"><i aria-hidden=\"true\" class=\"fas fa-user-secret\"><\/i><\/div><div class=\"twae-content\"><div class=\"twae-media large\"><img width=\"770\" height=\"428\" src=\"https:\/\/i2.wp.com\/cpme41.org\/wp-content\/uploads\/2021\/04\/Cybersecurite.jpg?fit=770%2C428&amp;ssl=1\" class=\"attachment-large size-large\" alt=\"\" loading=\"lazy\" srcset=\"https:\/\/i2.wp.com\/cpme41.org\/wp-content\/uploads\/2021\/04\/Cybersecurite.jpg?w=1024&amp;ssl=1 1024w, https:\/\/i2.wp.com\/cpme41.org\/wp-content\/uploads\/2021\/04\/Cybersecurite.jpg?resize=300%2C167&amp;ssl=1 300w, https:\/\/i2.wp.com\/cpme41.org\/wp-content\/uploads\/2021\/04\/Cybersecurite.jpg?resize=768%2C427&amp;ssl=1 768w, https:\/\/i2.wp.com\/cpme41.org\/wp-content\/uploads\/2021\/04\/Cybersecurite.jpg?resize=370%2C206&amp;ssl=1 370w, https:\/\/i2.wp.com\/cpme41.org\/wp-content\/uploads\/2021\/04\/Cybersecurite.jpg?resize=270%2C150&amp;ssl=1 270w, https:\/\/i2.wp.com\/cpme41.org\/wp-content\/uploads\/2021\/04\/Cybersecurite.jpg?resize=570%2C317&amp;ssl=1 570w, https:\/\/i2.wp.com\/cpme41.org\/wp-content\/uploads\/2021\/04\/Cybersecurite.jpg?resize=740%2C411&amp;ssl=1 740w\" sizes=\"(max-width: 770px) 100vw, 770px\" \/><\/div><div class=\"twae-title\">Permanence CPME<\/div>\r\n                    <div class=\"twae-description\"><p class=\"content-title\"><span style=\"text-decoration: underline\">Cybers\u00e9curit\u00e9<\/span><\/p><p class=\"content-title\"><span style=\"color: #993300\"><strong>- BLOIS, 41<\/strong><\/span><\/p><\/div>                        \r\n                <\/div>\r\n        <\/div><div  id=\"twae-article-48e4686\" class=\"twae-repeater-item twae-story swiper-slide twae-story-icon twae-position-40-50\"><div class=\"twae-story-line\"><\/div><div class=\"twae-labels\">\r\n                       <div class=\"twae-label-big\">14 Juin 2021<\/div>\r\n                     <\/div><div class=\"twae-arrow\"><\/div><div class=\"twae-icon\"><i aria-hidden=\"true\" class=\"fas fa-first-aid\"><\/i><\/div><div class=\"twae-content\"><div class=\"twae-media large\"><img width=\"696\" height=\"696\" src=\"https:\/\/i2.wp.com\/cpme41.org\/wp-content\/uploads\/2020\/11\/Culturel-1.png?fit=696%2C696&amp;ssl=1\" class=\"attachment-large size-large\" alt=\"\" loading=\"lazy\" srcset=\"https:\/\/i2.wp.com\/cpme41.org\/wp-content\/uploads\/2020\/11\/Culturel-1.png?w=696&amp;ssl=1 696w, https:\/\/i2.wp.com\/cpme41.org\/wp-content\/uploads\/2020\/11\/Culturel-1.png?resize=300%2C300&amp;ssl=1 300w, https:\/\/i2.wp.com\/cpme41.org\/wp-content\/uploads\/2020\/11\/Culturel-1.png?resize=150%2C150&amp;ssl=1 150w, https:\/\/i2.wp.com\/cpme41.org\/wp-content\/uploads\/2020\/11\/Culturel-1.png?resize=370%2C370&amp;ssl=1 370w, https:\/\/i2.wp.com\/cpme41.org\/wp-content\/uploads\/2020\/11\/Culturel-1.png?resize=270%2C270&amp;ssl=1 270w, https:\/\/i2.wp.com\/cpme41.org\/wp-content\/uploads\/2020\/11\/Culturel-1.png?resize=570%2C570&amp;ssl=1 570w\" sizes=\"(max-width: 696px) 100vw, 696px\" \/><\/div><div class=\"twae-title\">Comptabilit\u00e9<\/div>\r\n                    <div class=\"twae-description\"><p><span style=\"text-decoration: underline\">Webinaire CPME<\/span><\/p><p><strong><span style=\"color: #993300\">- ROMORANTIN, 41<\/span><\/strong><\/p><p><a href=\"https:\/\/www.cpme.fr\/actualites\/numerique\/cybersecurite-comment-proteger-votre-tpe-pme\">Lire la suite ...<\/a><\/p><\/div>                        \r\n                <\/div>\r\n        <\/div><\/div><\/div><\/div> <!-- Add Arrows -->\r\n            <div class=\"twae-button-prev\"><i class=\"fas fa-chevron-left\"><\/i><\/div>\r\n            <div class=\"twae-button-next\"><i class=\"fas fa-chevron-right\"><\/i><\/div>\r\n            <div class=\"twae-h-line\"><\/div>\r\n            <div class=\"twae-line-fill\"><\/div>\r\n<\/div><style type=\"text\/css\">.elementor-3447 .elementor-element.elementor-element-b938815 .twae-wrapper.twae-vertical .twae-story{margin-bottom:60px!important}<\/style>\t\t<\/div>\n\t\t\t\t<\/div>\n\t\t\t\t\t\t<\/div>\n\t\t\t\t\t<\/div>\n\t\t<\/div>\n\t\t\t\t\t\t\t\t<\/div>\n\t\t\t\t\t<\/div>\n\t\t<\/section>\n\t\t\t\t<section class=\"elementor-section elementor-top-section elementor-element elementor-element-cd537e9 elementor-section-boxed elementor-section-height-default elementor-section-height-default\" data-id=\"cd537e9\" data-element_type=\"section\">\n\t\t\t\t\t\t<div class=\"elementor-container elementor-column-gap-default\">\n\t\t\t\t\t\t\t<div class=\"elementor-row\">\n\t\t\t\t\t<div class=\"elementor-column elementor-col-100 elementor-top-column elementor-element elementor-element-792a9ba\" data-id=\"792a9ba\" data-element_type=\"column\">\n\t\t\t<div class=\"elementor-column-wrap\">\n\t\t\t\t\t\t\t<div class=\"elementor-widget-wrap\">\n\t\t\t\t\t\t\t\t<\/div>\n\t\t\t\t\t<\/div>\n\t\t<\/div>\n\t\t\t\t\t\t\t\t<\/div>\n\t\t\t\t\t<\/div>\n\t\t<\/section>\n\t\t\t\t\t\t\t\t\t<\/div>\n\t\t\t<\/div>\n\t\t\t\t\t<\/div>\n\t\t","protected":false},"excerpt":{"rendered":"<p>Nos \u00e9venements \u00e0 venir 3 Mai 2021 Permanence CPME Cybers\u00e9curit\u00e9 &#8211; BLOIS, 41 14 Juin 2021 Comptabilit\u00e9 Webinaire CPME &#8211; ROMORANTIN, 41 Lire la suite &#8230;<\/p>\n","protected":false},"author":1,"featured_media":0,"parent":0,"menu_order":0,"comment_status":"closed","ping_status":"closed","template":"elementor_header_footer","meta":{"spay_email":""},"yoast_head":"<!-- This site is optimized with the Yoast SEO plugin v16.2 - https:\/\/yoast.com\/wordpress\/plugins\/seo\/ -->\n<title>NOS EVENEMENTS &bull; CPME41<\/title>\n<meta name=\"robots\" content=\"index, follow, max-snippet:-1, max-image-preview:large, max-video-preview:-1\" \/>\n<link rel=\"canonical\" href=\"http:\/\/cpme41.org\/index.php\/nos-evenements\/\" \/>\n<meta property=\"og:locale\" content=\"fr_FR\" \/>\n<meta property=\"og:type\" content=\"article\" \/>\n<meta property=\"og:title\" content=\"NOS EVENEMENTS &bull; CPME41\" \/>\n<meta property=\"og:description\" content=\"Nos \u00e9venements \u00e0 venir 3 Mai 2021 Permanence CPME Cybers\u00e9curit\u00e9 &#8211; BLOIS, 41 14 Juin 2021 Comptabilit\u00e9 Webinaire CPME &#8211; ROMORANTIN, 41 Lire la suite &#8230;\" \/>\n<meta property=\"og:url\" content=\"http:\/\/cpme41.org\/index.php\/nos-evenements\/\" \/>\n<meta property=\"og:site_name\" content=\"CPME41\" \/>\n<meta property=\"article:modified_time\" content=\"2021-04-27T09:07:36+00:00\" \/>\n<meta property=\"og:image\" content=\"http:\/\/cpme41.org\/wp-content\/uploads\/2021\/04\/Cybersecurite-150x150.jpg\" \/>\n<meta name=\"twitter:card\" content=\"summary_large_image\" \/>\n<meta name=\"twitter:label1\" content=\"Dur\u00e9e de lecture est.\">\n\t<meta name=\"twitter:data1\" content=\"1 minute\">\n<script type=\"application\/ld+json\" class=\"yoast-schema-graph\">{\"@context\":\"https:\/\/schema.org\",\"@graph\":[{\"@type\":\"Organization\",\"@id\":\"https:\/\/cpme41.org\/#organization\",\"name\":\"CPME41\",\"url\":\"https:\/\/cpme41.org\/\",\"sameAs\":[],\"logo\":{\"@type\":\"ImageObject\",\"@id\":\"https:\/\/cpme41.org\/#logo\",\"inLanguage\":\"fr-FR\",\"url\":\"https:\/\/i1.wp.com\/cpme41.org\/wp-content\/uploads\/2020\/11\/41_CPME_LOGO_LOIR-ET-CHER.jpg?fit=1299%2C472\",\"contentUrl\":\"https:\/\/i1.wp.com\/cpme41.org\/wp-content\/uploads\/2020\/11\/41_CPME_LOGO_LOIR-ET-CHER.jpg?fit=1299%2C472\",\"width\":1299,\"height\":472,\"caption\":\"CPME41\"},\"image\":{\"@id\":\"https:\/\/cpme41.org\/#logo\"}},{\"@type\":\"WebSite\",\"@id\":\"https:\/\/cpme41.org\/#website\",\"url\":\"https:\/\/cpme41.org\/\",\"name\":\"CPME41\",\"description\":\"Notre valeur ajout\\u00e9e, c&#039;est l&#039;homme\",\"publisher\":{\"@id\":\"https:\/\/cpme41.org\/#organization\"},\"potentialAction\":[{\"@type\":\"SearchAction\",\"target\":\"https:\/\/cpme41.org\/?s={search_term_string}\",\"query-input\":\"required name=search_term_string\"}],\"inLanguage\":\"fr-FR\"},{\"@type\":\"ImageObject\",\"@id\":\"http:\/\/cpme41.org\/index.php\/nos-evenements\/#primaryimage\",\"inLanguage\":\"fr-FR\",\"url\":\"http:\/\/cpme41.org\/wp-content\/uploads\/2021\/04\/Cybersecurite-150x150.jpg\",\"contentUrl\":\"http:\/\/cpme41.org\/wp-content\/uploads\/2021\/04\/Cybersecurite-150x150.jpg\"},{\"@type\":\"WebPage\",\"@id\":\"http:\/\/cpme41.org\/index.php\/nos-evenements\/#webpage\",\"url\":\"http:\/\/cpme41.org\/index.php\/nos-evenements\/\",\"name\":\"NOS EVENEMENTS &bull; CPME41\",\"isPartOf\":{\"@id\":\"https:\/\/cpme41.org\/#website\"},\"primaryImageOfPage\":{\"@id\":\"http:\/\/cpme41.org\/index.php\/nos-evenements\/#primaryimage\"},\"datePublished\":\"2021-04-26T15:21:21+00:00\",\"dateModified\":\"2021-04-27T09:07:36+00:00\",\"breadcrumb\":{\"@id\":\"http:\/\/cpme41.org\/index.php\/nos-evenements\/#breadcrumb\"},\"inLanguage\":\"fr-FR\",\"potentialAction\":[{\"@type\":\"ReadAction\",\"target\":[\"http:\/\/cpme41.org\/index.php\/nos-evenements\/\"]}]},{\"@type\":\"BreadcrumbList\",\"@id\":\"http:\/\/cpme41.org\/index.php\/nos-evenements\/#breadcrumb\",\"itemListElement\":[{\"@type\":\"ListItem\",\"position\":1,\"item\":{\"@type\":\"WebPage\",\"@id\":\"https:\/\/cpme41.org\/\",\"url\":\"https:\/\/cpme41.org\/\",\"name\":\"Accueil\"}},{\"@type\":\"ListItem\",\"position\":2,\"item\":{\"@id\":\"http:\/\/cpme41.org\/index.php\/nos-evenements\/#webpage\"}}]}]}<\/script>\n<!-- \/ Yoast SEO plugin. -->","_links":{"self":[{"href":"https:\/\/cpme41.org\/index.php\/wp-json\/wp\/v2\/pages\/3447"}],"collection":[{"href":"https:\/\/cpme41.org\/index.php\/wp-json\/wp\/v2\/pages"}],"about":[{"href":"https:\/\/cpme41.org\/index.php\/wp-json\/wp\/v2\/types\/page"}],"author":[{"embeddable":true,"href":"https:\/\/cpme41.org\/index.php\/wp-json\/wp\/v2\/users\/1"}],"replies":[{"embeddable":true,"href":"https:\/\/cpme41.org\/index.php\/wp-json\/wp\/v2\/comments?post=3447"}],"version-history":[{"count":40,"href":"https:\/\/cpme41.org\/index.php\/wp-json\/wp\/v2\/pages\/3447\/revisions"}],"predecessor-version":[{"id":3580,"href":"https:\/\/cpme41.org\/index.php\/wp-json\/wp\/v2\/pages\/3447\/revisions\/3580"}],"wp:attachment":[{"href":"https:\/\/cpme41.org\/index.php\/wp-json\/wp\/v2\/media?parent=3447"}],"curies":[{"name":"wp","href":"https:\/\/api.w.org\/{rel}","templated":true}]}}